{"id":396,"date":"2020-03-31T13:07:49","date_gmt":"2020-03-31T13:07:49","guid":{"rendered":"https:\/\/casasalvadormadrid.com\/redesign\/?page_id=396"},"modified":"2020-03-31T13:09:11","modified_gmt":"2020-03-31T13:09:11","slug":"legal-notice","status":"publish","type":"page","link":"https:\/\/casasalvadormadrid.com\/en\/legal-notice\/","title":{"rendered":"Legal notice"},"content":{"rendered":"<p>[vc_row row_type=&#8221;full_width&#8221; type=&#8221;container&#8221;][vc_column]<div class=\"ult-spacer spacer-69e52b2584a96\" data-id=\"69e52b2584a96\" data-height=\"80\" data-height-mobile=\"60\" data-height-tab=\"80\" data-height-tab-portrait=\"60\" data-height-mobile-landscape=\"60\" style=\"clear:both;display:block;\"><\/div>[vc_column_text]<\/p>\n<h1>Aviso legal<\/h1>\n<p>En este espacio, el usuario, podr\u00e1 encontrar toda la informaci\u00f3n relativa a los t\u00e9rminos y condiciones legales que definen las relaciones entre los usuarios y yo como responsable de esta web. Como usuario, es importante que conozcas estos t\u00e9rminos antes de continuar tu navegaci\u00f3n.<\/p>\n<p>RESTAURANTE SALVADOR, S.L.. (Casa Salvador) como responsable de esta web, asumo el compromiso de procesar la informaci\u00f3n de mis usuarios y clientes con plenas garant\u00edas y cumplir con los requisitos nacionales y europeos que regulan la recopilaci\u00f3n y uso de los datos personales de mis usuarios.<\/p>\n<p>Esta web, por tanto, cumple rigurosamente con La Ley Org\u00e1nica 15\/1999, de 13 de diciembre, de Protecci\u00f3n de Datos de Car\u00e1cter Personal (LOPD), y con el Real Decreto 1720\/2007, de 21 de diciembre, conocido como el Reglamento de desarrollo de la LOPD. Cumple tambi\u00e9n con el Reglamento (UE) 2016\/679 del Parlamento Europeo y del Consejo de 27 de abril de 2016 relativo a la protecci\u00f3n de las personas f\u00edsicas (RGPD), as\u00ed como con la Ley 34\/2002, de 11 de julio, de Servicios de la Sociedad de la Informaci\u00f3n y Comercio Electr\u00f3nico (LSSICE \u00f3 LSSI).<\/p>\n<h2>Condiciones generales de uso<\/h2>\n<p>Las presentes Condiciones Generales regulan el uso (incluyendo el mero acceso) de las p\u00e1ginas de web, integrantes del sitio web de RESTAURANTE SALVADOR, S.L.. incluidos los contenidos y servicios puestos a disposici\u00f3n en ellas. Toda persona que acceda a la web, https:\/\/casasalvadormadrid.com (\u201cusuario\u201d) acepta someterse a las Condiciones Generales vigentes en cada momento del portal https:\/\/casasalvadormadrid.com<\/p>\n<p>Datos personales que recabo y c\u00f3mo lo hago <a href=\"\/en\/legal-notice\">Leer Pol\u00edtica de Privacidad.<\/a><\/p>\n<h2>Compromisos y obligaciones de los usuarios<\/h2>\n<p>El usuario queda informado, y acepta, que el acceso a la presente web no supone, en modo alguno, el inicio de una relaci\u00f3n comercial con RESTAURANTE SALVADOR, S.L\u2026 De esta forma, el usuario se compromete a utilizar el sitio web, sus servicios y contenidos sin contravenir la legislaci\u00f3n vigente, la buena fe y el orden p\u00fablico.<\/p>\n<p>Queda prohibido el uso de la web, con fines il\u00edcitos o lesivos, o que, de cualquier forma, puedan causar perjuicio o impedir el normal funcionamiento del sitio web.<\/p>\n<p>Respecto de los contenidos de esta web, se proh\u00edbe:<\/p>\n<p>\u2013 Su reproducci\u00f3n, distribuci\u00f3n o modificaci\u00f3n, total o parcial, a menos que se cuente con mi autorizaci\u00f3n como leg\u00edtimo titular;<br \/>\n\u2013 Cualquier vulneraci\u00f3n de los derechos del prestador o de mi como leg\u00edtimo titular;<br \/>\n\u2013 Su utilizaci\u00f3n para fines comerciales o publicitarios.<\/p>\n<p>En la utilizaci\u00f3n de la web, https:\/\/casasalvadormadrid.com el usuario se compromete a no llevar a caboninguna conducta que pudiera da\u00f1ar la imagen, los intereses y los derechos de RESTAURANTE SALVADOR, S.L.. o de terceros o que pudiera da\u00f1ar, inutilizar o sobrecargar el portal https:\/\/casasalvadormadrid.com o que impidiera, de cualquier forma, la normal utilizaci\u00f3n de la web.<\/p>\n<p>No obstante, el usuario debe ser consciente de que las medidas de seguridad de los sistemas inform\u00e1ticos en Internet no son enteramente fiables y que, por tanto https:\/\/casasalvadormadrid.com no puede garantizar la inexistencia de malware u otros elementos que puedan producir alteraciones en los sistemas inform\u00e1ticos (software y hardware) del usuario o en sus documentos electr\u00f3nicos y ficheros contenidos en los mismos aunque pongo todos los medios necesarios y las medidas de seguridad<br \/>\noportunas para evitar la presencia de estos elementos da\u00f1inos.<\/p>\n<h2>Medidas de seguridad<\/h2>\n<p>Los datos personales comunicados por el usuario a Casa Salvador<\/p>\n<p>(RESTAURANTE SALVADOR, S.L. ) pueden ser almacenados en bases de datos automatizadas o no, cuya titularidad corresponde en exclusiva a RESTAURANTE SALVADOR, S.L., asumiendo \u00e9sta todas las medidas de \u00edndole t\u00e9cnica, organizativa y de seguridad que garantizan la confidencialidad, integridad y calidad de la informaci\u00f3n contenida en las mismas de acuerdo con lo establecido en la normativa vigente en protecci\u00f3n de datos.<\/p>\n<h2>Plataforma de resoluci\u00f3n de conflictos<\/h2>\n<p>Pongo tambi\u00e9n a disposici\u00f3n de los usuarios la plataforma de resoluci\u00f3n de litigios que facilita la Comisi\u00f3n Europea y que se encuentra disponible en el siguiente enlace:<a href=\"http:\/\/ec.europa.eu\/consumers\/odr\/\" target=\"blank\" rel=\"noopener noreferrer\">http:\/\/ec.europa.eu\/consumers\/odr\/<\/a><\/p>\n<h2>Derechos de propiedad intelectual e industrial<\/h2>\n<p>En virtud de lo dispuesto en los art\u00edculos 8 y 32.1, p\u00e1rrafo segundo, de la Ley de Propiedad Intelectual, quedan expresamente prohibidas la reproducci\u00f3n, la distribuci\u00f3n y la comunicaci\u00f3n p\u00fablica, incluida su modalidad de puesta a disposici\u00f3n, de la totalidad o parte de los contenidos de esta p\u00e1gina web, con fines comerciales, en cualquier soporte y por cualquier medio t\u00e9cnico, sin la autorizaci\u00f3n de RESTAURANTE SALVADOR, S.L.. El usuario se compromete a respetar los derechos de Propiedad Intelectual e Industrial titularidad de RESTAURANTE SALVADOR, S.L..<\/p>\n<p>El usuario conoce y acepta que la totalidad del sitio web, conteniendo sin car\u00e1cter exhaustivo el texto, software, contenidos (incluyendo estructura, selecci\u00f3n, ordenaci\u00f3n y presentaci\u00f3n de los mismos) podcast, fotograf\u00edas, material audiovisual y gr\u00e1ficos, est\u00e1 protegida por marcas, derechos de autor y otros derechos leg\u00edtimos, de acuerdo con los tratados internacionales en los que Espa\u00f1a es parte y otros derechos de propiedad y leyes de Espa\u00f1a.<\/p>\n<p>En el caso de que un usuario o un tercero consideren que se ha producido una violaci\u00f3n de sus leg\u00edtimos derechos de propiedad intelectual por la introducci\u00f3n de un determinado contenido en la web, deber\u00e1 notificar dicha circunstancia a RESTAURANTE SALVADOR, S.L. indicando:<\/p>\n<p>\u2013 Datos personales del interesado titular de los derechos presuntamente infringidos, o indicar la representaci\u00f3n con la que act\u00faa en caso de que la reclamaci\u00f3n la presente un tercero distinto del interesado.<\/p>\n<p>\u2013 Se\u00f1alar los contenidos protegidos por los derechos de propiedad intelectual y su ubicaci\u00f3n en la web, la acreditaci\u00f3n de los derechos de propiedad intelectual se\u00f1alados y declaraci\u00f3n expresa en la que el interesado se responsabiliza de la veracidad de las informaciones facilitadas en la notificaci\u00f3n.<\/p>\n<h2>Enlaces externos<\/h2>\n<p>Las p\u00e1ginas de la web https:\/\/casasalvadormadrid.com proporciona enlaces a otros sitios web propios y contenidos que son propiedad de terceros tales como:<\/p>\n<p>\u2013 Contenido de otras webs<\/p>\n<h2>Exclusi\u00f3n de garant\u00edas y responsable<\/h2>\n<p>Casa Salvador (RESTAURANTE SALVADOR, S.L..) no otorga ninguna garant\u00eda ni se hace responsable, en ning\u00fan caso, de los da\u00f1os y perjuicios de cualquier naturaleza que pudieran traer causa de:<\/p>\n<p>\u2013 La falta de disponibilidad, mantenimiento y efectivo funcionamiento de la web, o de sus servicios y contenidos;<\/p>\n<p>\u2013 La existencia de malware, programas maliciosos o lesivos en los contenidos;<\/p>\n<p>\u2013 El uso il\u00edcito, negligente, fraudulento o contrario a este Aviso Legal;<\/p>\n<p>\u2013 La falta de licitud, calidad, fiabilidad, utilidad y disponibilidad de los servicios prestados por terceros y puestos a disposici\u00f3n de los usuarios en el sitio web.<\/p>\n<p>\u2013 El prestador no se hace responsable bajo ning\u00fan concepto de los da\u00f1os que pudieran dimanar del uso ilegal o indebido de la presente p\u00e1gina web.<\/p>\n<h2>Ley aplicable y jurisdicci\u00f3n<\/h2>\n<p>Con car\u00e1cter general las relaciones entre RESTAURANTE SALVADOR, S.L.. con los usuarios de sus servicios telem\u00e1ticos, presentes en esta web se encuentran sometidas a la legislaci\u00f3n y jurisdicci\u00f3n espa\u00f1olas y a los tribunales de Madrid.<\/p>\n<h2>Contacto<\/h2>\n<p>En caso de que cualquier usuario tuviese alguna duda acerca de estas Condiciones legales o cualquier comentario sobre el portal https:\/\/casasalvadormadrid.com, por favor dir\u00edjase a <a href=\"mailto:contacto@casasalvadormadrid.com\">contacto@casasalvadormadrid.com<\/a>.[\/vc_column_text]<div class=\"ult-spacer spacer-69e52b2584ad1\" data-id=\"69e52b2584ad1\" data-height=\"80\" data-height-mobile=\"20\" data-height-tab=\"80\" data-height-tab-portrait=\"40\" data-height-mobile-landscape=\"20\" style=\"clear:both;display:block;\"><\/div>[\/vc_column][\/vc_row]<\/p>\n","protected":false},"excerpt":{"rendered":"<p>[vc_row row_type=&#8221;full_width&#8221; type=&#8221;container&#8221;][vc_column][vc_column_text] Aviso legal En este espacio, el usuario, podr\u00e1 encontrar toda la informaci\u00f3n relativa a los t\u00e9rminos y condiciones legales que definen las relaciones entre los usuarios y yo como responsable de esta web. Como usuario, es importante que conozcas estos t\u00e9rminos antes de continuar tu navegaci\u00f3n. RESTAURANTE SALVADOR, S.L.. (Casa Salvador) como [&hellip;]<\/p>\n","protected":false},"author":1,"featured_media":0,"parent":0,"menu_order":0,"comment_status":"closed","ping_status":"closed","template":"template-page-full.php","meta":{"footnotes":""},"class_list":["post-396","page","type-page","status-publish","hentry"],"aioseo_notices":[],"_links":{"self":[{"href":"https:\/\/casasalvadormadrid.com\/en\/wp-json\/wp\/v2\/pages\/396\/"}],"collection":[{"href":"https:\/\/casasalvadormadrid.com\/en\/wp-json\/wp\/v2\/pages\/"}],"about":[{"href":"https:\/\/casasalvadormadrid.com\/en\/wp-json\/wp\/v2\/types\/page\/"}],"author":[{"embeddable":true,"href":"https:\/\/casasalvadormadrid.com\/en\/wp-json\/wp\/v2\/users\/1\/"}],"replies":[{"embeddable":true,"href":"https:\/\/casasalvadormadrid.com\/en\/wp-json\/wp\/v2\/comments\/?post=396"}],"version-history":[{"count":3,"href":"https:\/\/casasalvadormadrid.com\/en\/wp-json\/wp\/v2\/pages\/396\/revisions\/"}],"predecessor-version":[{"id":399,"href":"https:\/\/casasalvadormadrid.com\/en\/wp-json\/wp\/v2\/pages\/396\/revisions\/399\/"}],"wp:attachment":[{"href":"https:\/\/casasalvadormadrid.com\/en\/wp-json\/wp\/v2\/media\/?parent=396"}],"curies":[{"name":"wp","href":"https:\/\/api.w.org\/{rel}","templated":true}]}}