{"id":404,"date":"2020-03-31T13:21:49","date_gmt":"2020-03-31T13:21:49","guid":{"rendered":"https:\/\/casasalvadormadrid.com\/redesign\/?page_id=404"},"modified":"2020-03-31T13:22:04","modified_gmt":"2020-03-31T13:22:04","slug":"privacy-policy","status":"publish","type":"page","link":"https:\/\/casasalvadormadrid.com\/en\/privacy-policy\/","title":{"rendered":"Privacy policy"},"content":{"rendered":"<p>[vc_row row_type=&#8221;full_width&#8221; type=&#8221;container&#8221;][vc_column]<div class=\"ult-spacer spacer-69e163e48b880\" data-id=\"69e163e48b880\" data-height=\"80\" data-height-mobile=\"60\" data-height-tab=\"80\" data-height-tab-portrait=\"60\" data-height-mobile-landscape=\"60\" style=\"clear:both;display:block;\"><\/div>[vc_column_text]<\/p>\n<h1>Pol\u00edtica de privacidad<\/h1>\n<p>Tu privacidad es importante para nosotros. En esta declaraci\u00f3n de privacidad se explica qu\u00e9 datos personales se recopilan de los usuarios y c\u00f3mo se utilizan. Le animamos a leer detenidamente estos t\u00e9rminos antes de facilitar tus datos personales en esta web. Los mayores de trece a\u00f1os podr\u00e1n registrarse en https:\/\/casasalvadormadrid.com como usuarios sin el previo consentimiento de sus padres o tutores.<\/p>\n<p>En el caso de los menores de trece a\u00f1os se requiere el consentimiento de los padres o tutores para el tratamiento de sus datos personales.<\/p>\n<p>En ning\u00fan caso se recabar\u00e1n del menor de edad datos relativos a la situaci\u00f3n profesional, econ\u00f3mica o a la intimidad de los otros miembros de la familia, sin el consentimiento de \u00e9stos.<\/p>\n<p>Si eres menor de trece a\u00f1os y has accedido a este sitio web sin avisar a tus padres no debes registrarte como usuario.<\/p>\n<p>En esta web se respetan y cuidan los datos personales de los usuarios. Como usuario debes saber que tus derechos est\u00e1n garantizados.<\/p>\n<p>Me he esforzado en crear un espacio seguro y confiable y por eso quiero compartir mis principios respecto a tu privacidad:<\/p>\n<p>&#8211; Nunca solicito informaci\u00f3n personal a menos que realmente sea necesaria para prestarte los servicios que me requieras.<\/p>\n<p>&#8211; Nunca comparto informaci\u00f3n personal de mis usuarios con nadie, excepto para cumplir con la ley o en caso que cuente con tu autorizaci\u00f3n expresa.<\/p>\n<p>&#8211; Nunca utilizo tus datos personales con una finalidad diferente a la expresada en esta pol\u00edtica de privacidad.<\/p>\n<p>Es preciso advertir que esta Pol\u00edtica de Privacidad podr\u00eda variar en funci\u00f3n de exigencias legislativas o de autorregulaci\u00f3n, por lo que se aconseja a los usuarios que la visiten peri\u00f3dicamente. Ser\u00e1 aplicable en caso de que los usuarios decidan rellenar alg\u00fan formulario de cualquiera de sus formularios de contacto donde se recaben datos de car\u00e1cter personal.<\/p>\n<p>RESTAURANTE SALVADOR, S.L.. ha adecuado esta web a las exigencias de la Ley Org\u00e1nica 15\/1999, de 13 de diciembre, de Protecci\u00f3n de Datos de Car\u00e1cter Personal (LOPD), y<br \/>\nal Real Decreto 1720\/2007, de 21 de diciembre, conocido como el Reglamento de desarrollo de la LOPD. Cumple tambi\u00e9n con el Reglamento (UE) 2016\/679 del Parlamento Europeo y del Consejo de 27 de abril de 2016 relativo a la protecci\u00f3n de las personas f\u00edsicas (RGPD), as\u00ed como con la Ley 34\/2002, de 11 de julio, de Servicios de la Sociedad de la Informaci\u00f3n y Comercio Electr\u00f3nico (LSSICE o LSSI).<\/p>\n<h2>Responsable del tratamiento de tus datos personales<\/h2>\n<p>&#8211; Identidad del Responsable: RESTAURANTE SALVADOR, S.L..<br \/>\n&#8211; Nombre comercial: Casa Salvador<br \/>\n&#8211; NIF\/CIF: B28845741<br \/>\n&#8211; Direcci\u00f3n: CL BARBIERI ,12 28004, MADRID, MADRID<br \/>\n&#8211; Correo electr\u00f3nico: contacto@casasalvadormadrid.com<br \/>\n&#8211; Actividad: Hosteler\u00eda<br \/>\nA efectos de lo previsto en el Reglamento General de Protecci\u00f3n de Datos antes citado, los datos personales que me env\u00edes a trav\u00e9s de los formularios de la web, recibir\u00e1n el tratamiento de datos de \u201cUsuarios de la web y suscriptores\u201d.<br \/>\nPara el tratamiento de datos de mis usuarios, implemento todas las medidas t\u00e9cnicas y organizativas de seguridad establecidas en la legislaci\u00f3n vigente.<\/p>\n<h2>Principios que aplicar\u00e9 a tu informaci\u00f3n personal<\/h2>\n<p>En el tratamiento de tus datos personales, aplicar\u00e9 los siguientes principios que se ajustan a las exigencias del nuevo reglamento europeo de protecci\u00f3n de datos:<\/p>\n<p>&#8211; Principio de licitud, lealtad y transparencia: Siempre voy a requerir tu consentimiento para el tratamiento de tus datos personales para uno o varios fines espec\u00edficos que te informar\u00e9 previamente con absoluta transparencia.<\/p>\n<p>&#8211; Principio de minimizaci\u00f3n de datos: Solo voy a solicitar datos estrictamente necesarios en relaci\u00f3n con los fines para los que los requiero. Los m\u00ednimos posibles.<\/p>\n<p>&#8211; Principio de limitaci\u00f3n del plazo de conservaci\u00f3n: los datos ser\u00e1n mantenidos durante no m\u00e1s tiempo del necesario para los fines del tratamiento, en funci\u00f3n a la finalidad, te informar\u00e9 del plazo de conservaci\u00f3n correspondiente, en el caso de suscripciones, peri\u00f3dicamente revisar\u00e9 mis listas y eliminar\u00e9 aquellos registros inactivos durante un tiempo considerable.<\/p>\n<p>&#8211; Principio de integridad y confidencialidad: Tus datos ser\u00e1n tratados de tal manera que se garantice una seguridad adecuada de los datos personales y se garantice confidencialidad. Debes saber que tomo todas las precauciones necesarias para evitar el acceso no autorizado o uso indebido de los datos de mis usuarios por parte de terceros.<\/p>\n<h2>\u00bfC\u00f3mo he obtenido tus datos?<\/h2>\n<p>Los datos personales que trato en RESTAURANTE SALVADOR, S.L. proceden de:<\/p>\n<p>&#8211; Formulario de reservas<\/p>\n<p>\u00bfCu\u00e1les son tus derechos cuando me facilitas tus datos?<\/p>\n<p>Cualquier persona tiene derecho a obtener confirmaci\u00f3n sobre si en RESTAURANTE SALVADOR, S.L.. estoy tratando datos personales que me concierne, o no.<\/p>\n<p>Las personas interesadas tienen derecho a:<\/p>\n<p>&#8211; Solicitar el acceso a los datos personales relativos al interesado<br \/>\n&#8211; Solicitar su rectificaci\u00f3n o supresi\u00f3n<br \/>\n&#8211; Solicitar la limitaci\u00f3n de su tratamiento<br \/>\n&#8211; Oponerse al tratamiento<br \/>\n&#8211; Solicitar la portabilidad de los datos<\/p>\n<p>Los interesados podr\u00e1nacceder a sus datos personales, as\u00ed como a solicitar la rectificaci\u00f3n de los datos inexactos o, en su caso, solicitar susupresi\u00f3n cuando, entre otros motivos, los datos ya no sean necesarios para los fines que fueron recogidos. En determinadas circunstancias, los interesados podr\u00e1n solicitar la limitaci\u00f3n del tratamiento de sus datos, en cuyo caso \u00fanicamente los conservar\u00e9 para el ejercicio o la defensa de reclamaciones.<\/p>\n<p>En determinadas circunstancias y por motivos relacionados con su situaci\u00f3n particular, los interesados podr\u00e1noponerse al tratamiento de sus datos. Casa Salvador (RESTAURANTE SALVADOR, S.L..) dejar\u00e1 de tratar los datos, salvo por motivos leg\u00edtimos imperiosos, o el ejercicio o la defensa de posibles reclamaciones. C\u00f3mo interesado, tienes derecho a recibir los datos personales que te incumban, que me hayas facilitado y en un formato estructurado, de uso com\u00fan y lectura mec\u00e1nica, y a transmitirlos a otro responsable del tratamiento cuando:<\/p>\n<p>&#8211; El tratamiento est\u00e9 basado en el consentimiento<br \/>\n&#8211; Los datos hayan sido facilitados por la persona interesada.<br \/>\n&#8211; El tratamiento se efect\u00fae por medios automatizados.<\/p>\n<p>Al ejercer tu derecho a la portabilidad de los datos, tendr\u00e1s derecho a que los datos personales se transmitan directamente de responsable a responsable cuando sea t\u00e9cnicamente posible.<\/p>\n<p>Los interesados tambi\u00e9n tendr\u00e1n derecho a la tutela judicial efectiva y a presentar una reclamaci\u00f3n ante la autoridad de control, en este caso, la Agencia Espa\u00f1ola de Protecci\u00f3n de Datos, si consideran que el tratamiento de datos personales que le conciernen infringe el Reglamento.<\/p>\n<h2>\u00bfCon qu\u00e9 finalidad trato tus datos personales?<\/h2>\n<p>Cuando un usuario se conecta con esta web por ejemplo para comentar un post, mandar un correo al titular, suscribirse o realizar alguna contrataci\u00f3n, est\u00e1 facilitando<br \/>\ninformaci\u00f3n de car\u00e1cter personal de la que es responsable RESTAURANTE SALVADOR, S.L.. Esa informaci\u00f3n puede incluir datos de car\u00e1cter personal como pueden ser tu direcci\u00f3n IP, nombre, direcci\u00f3n f\u00edsica, direcci\u00f3n de correo electr\u00f3nico, n\u00famero de tel\u00e9fono, y otra informaci\u00f3n. Al facilitar esta informaci\u00f3n, el usuario da su consentimiento para que su informaci\u00f3n sea recopilada, utilizada, gestionada y almacenada por https:\/\/casasalvadormadrid.com, s\u00f3lo como se describe en el Aviso Legal y en la presente Pol\u00edtica de Privacidad. En RESTAURANTE SALVADOR, S.L.. existen diferentes sistemas de captura de informaci\u00f3n personal y trato la informaci\u00f3n que me facilitan las personas interesadas con el siguiente fin por cada sistema de captura (formularios):<\/p>\n<p>&#8211; Formulario de solicitud de servicios &#8211; reservas: Solicito los siguientes datos personales: Nombre, Apellidos, Tel\u00e9fono, Email, para solicitar alguno de los servicios que https:\/\/casasalvadormadrid.com pone a disposici\u00f3n de sus usuarios. La informaci\u00f3n recabada permitir\u00e1 solicitar el servicio correspondiente para una posible tramitaci\u00f3n del mismo offline. Las solicitudes ser\u00e1n respondidas por correo electr\u00f3nico. La web no permite gestionar pagos directamente. Te informo que los datos que me facilitas estar\u00e1n ubicados en los servidores de Mailchimp (proveedor de RESTAURANTE SALVADOR, S.L..) dentro de la UE.<\/p>\n<h3>Existen otras finalidades por la que trato tus datos personales:<\/h3>\n<p>&#8211; Para garantizar el cumplimiento de las condiciones de uso y la ley aplicable. Esto puede incluir el desarrollo de herramientas y algoritmos que ayudan a esta web a garantizar la confidencialidad de los datos personales que recoge.<\/p>\n<p>&#8211; Para apoyar y mejorar los servicios que ofrece esta web.<\/p>\n<p>&#8211; Tambi\u00e9n se recogen otros datos no identificativos que se obtienen mediante algunas cookies que se descargan en el ordenador del usuario cuando navega en esta web que detallo en la pol\u00edtica de cookies.<\/p>\n<p>&#8211; Para gestionar las redes sociales. RESTAURANTE SALVADOR, S.L.. puede tener presencia en redes sociales. El tratamiento de los datos que se lleve a cabo de las personas que se hagan seguidoras en las redes sociales de las p\u00e1ginas oficiales de https:\/\/casasalvadormadrid.com, se regir\u00e1 por este apartado. As\u00ed como por aquellas condiciones de uso, pol\u00edticas de privacidad y normativas de acceso que pertenezcan a la red social que proceda en cada caso y aceptadas previamente por el usuario de Casa Salvador (RESTAURANTE SALVADOR, S.L..).<\/p>\n<p>Tratar\u00e1 sus datos con las finalidades de administrar correctamente su presencia en la red social, informando de actividades, productos o servicios de RESTAURANTE SALVADOR, S.L.. As\u00ed como para cualquier otra finalidad que las normativas de las redes sociales permitan. En ning\u00fan caso utilizar\u00e9 los perfiles de seguidores en redes sociales para enviar publicidad de manera individual.<\/p>\n<p>De acuerdo a lo establecido en el reglamento general de protecci\u00f3n de datos europeo (RGPD) 2016\/679, Casa Salvador (RESTAURANTE SALVADOR, S.L..) con domicilio en CL BARBIERI ,12 28004, MADRID, MADRID (Espa\u00f1a)ser\u00e1 responsable del tratamiento de los datos correspondientes a Usuarios de la web y suscriptores.<\/p>\n<p>RESTAURANTE SALVADOR, S.L.., no vende, alquila ni cede datos de car\u00e1cter personal que puedan identificar al usuario, ni lo har\u00e1 en el futuro, a terceros sin el consentimiento previo. Sin embargo, en algunos casos se pueden realizar colaboraciones con otros profesionales, en esos casos, se requerir\u00e1 consentimiento a los usuarios informando sobre la identidad del colaborador y la finalidad de la colaboraci\u00f3n. Siempre se realizar\u00e1 con los m\u00e1s estrictos est\u00e1ndares de seguridad.<\/p>\n<h3>Facebook ads<\/h3>\n<p>Al generar un anuncio, se puede segmentar el p\u00fablico por:<\/p>\n<p>&#8211; Lugar<br \/>\n&#8211; Datos demogr\u00e1ficos (edad, sexo, etc.)<br \/>\n&#8211; Intereses (actividades, aficiones, etc.)<br \/>\n&#8211; Lo que compran en internet y por otros canales<br \/>\n&#8211; Etc.<\/p>\n<p>Los datos obtenidos a trav\u00e9s de Facebook ads est\u00e1n sujetos a esta pol\u00edtica de privacidad desde el momento en que el usuario deja sus datos en el formulario de esta web para unirse al bolet\u00edn de suscripciones. En ning\u00fan caso se utilizar\u00e1 la informaci\u00f3n procedente de Facebook con una finalidad diferente.<\/p>\n<h3>Twitter ads<\/h3>\n<p>En https:\/\/casasalvadormadrid.com utilizo Twitter ads, la plataforma de publicidad de Twitter,<br \/>\nque me permite crear campa\u00f1as y anuncios. Al generar un anuncio, se puede segmentar el p\u00fablico por:<\/p>\n<p>&#8211; Lugar<br \/>\n&#8211; Datos demogr\u00e1ficos (edad, sexo, etc.)<br \/>\n&#8211; Intereses (actividades, aficiones, etc.)<br \/>\n&#8211; Lo que compran en internet y por otros canales<br \/>\n&#8211; Etc.<\/p>\n<p>Los datos obtenidos a trav\u00e9s de Twitter ads est\u00e1n sujetos a esta pol\u00edtica de privacidad desde el momento en que el usuario deja sus datos en el formulario de esta web para unirse al bolet\u00edn de suscripciones. En ning\u00fan caso se utilizar\u00e1 la informaci\u00f3n procedente de Twitter con una finalidad diferente.<\/p>\n<h3>Google Adwords<\/h3>\n<p>Adwords es una plataforma de Google destinada a los ANUNCIANTES que quieren publicitarse en GOOGLE. En https:\/\/casasalvadormadrid.com utilizo Google Adwords, la plataforma de publicidad de Google, que me permite crear campa\u00f1as y anuncios para mostrarlos en otras p\u00e1ginas webs. Al generar un anuncio, se puede segmentar el p\u00fablico por:<\/p>\n<p>&#8211; Lugar<br \/>\n&#8211; Datos demogr\u00e1ficos (edad, sexo, etc.)<br \/>\n&#8211; Intereses (actividades, aficiones, etc.)<br \/>\n&#8211; Lo que compran en internet y por otros canales<br \/>\n&#8211; Etc.<\/p>\n<p>Los datos obtenidos a trav\u00e9s de Google Adwords est\u00e1n sujetos a esta pol\u00edtica de privacidad desde el momento en que el usuario deja sus datos en el formulario de esta web para unirse al bolet\u00edn de suscripciones. En ning\u00fan caso se utilizar\u00e1 la informaci\u00f3n procedente de Google con una finalidad diferente.<\/p>\n<h2>Legitimaci\u00f3n para el tratamiento de tus datos<\/h2>\n<p>La base legal para el tratamiento de sus datos es: el consentimiento.<\/p>\n<p>Para contactar o realizar comentarios en esta web se requiere el consentimiento con esta pol\u00edtica de privacidad.<\/p>\n<p>La oferta prospectiva o comercial de productos y servicios est\u00e1 basada en el consentimiento que se le solicita, sin que en ning\u00fan caso la retirada de este consentimiento condicione la ejecuci\u00f3n del contrato de suscripci\u00f3n.<\/p>\n<h2>Categor\u00eda de datos<\/h2>\n<p>Las categor\u00edas de datos que se tratan son datos identificativos.<\/p>\n<p>No se tratan categor\u00edas de datos especialmente protegidos.<\/p>\n<h2>\u00bfPor cu\u00e1nto tiempo conservar\u00e9 tus datos?<\/h2>\n<p>Los datos personales proporcionados se conservar\u00e1n:<\/p>\n<p>&#8211; Hasta que no se solicite su supresi\u00f3n por el interesado.<\/p>\n<h2>\u00bfA qu\u00e9 destinatarios se comunicar\u00e1n tus datos?<\/h2>\n<p>Muchas herramientas que utilizo para gestionar tus datos son contratados por terceros.<\/p>\n<p>Para prestar servicios estrictamente necesarios para el desarrollo de la actividad, https:\/\/casasalvadormadrid.com, comparte datos con los siguientes prestadores bajo sus correspondientes condiciones de privacidad:<\/p>\n<p>Google Analytics: un servicio anal\u00edtico de web prestado por Google, Inc., una compa\u00f1\u00eda de Delaware cuya oficina principal est\u00e1 en 1600 Amphitheatre Parkway, Mountain View (California), CA 94043, Estados Unidos (\u201cGoogle\u201d). Google Analytics utiliza \u201ccookies\u201d, que son archivos de texto ubicados en tu ordenador, para ayudar a https:\/\/casasalvadormadrid.com a analizar el uso que hacen los usuarios del sitio web. La informaci\u00f3n que genera la cookie acerca de su uso de https:\/\/casasalvadormadrid.com (incluyendo tu direcci\u00f3n IP) ser\u00e1 directamente transmitida y archivada por Google en los servidores de Estados Unidos.<\/p>\n<p>Hosting:OVH HISPANO SL, con domicilio en Espa\u00f1a. M\u00e1s informaci\u00f3n en: https:\/\/www.ovh.es\/ OVH HISPANO SL trata los datos con la finalidad de realizar sus servicios de hosting a RESTAURANTE SALVADOR, S.L..<\/p>\n<p>Plataforma web: Automattic Inc., con domicilio en EEUU. M\u00e1s informaci\u00f3n en: https:\/\/es.wordpress.com\/ (Automattic Inc.). Automattic Inc. trata los datos con la finalidad de realizar sus servicios de plataforma web a RESTAURANTE SALVADOR, S.L.. . Email marketing:The Rocket Science Group LLC d\/b\/a , con domicilio en EEUU. M\u00e1s informaci\u00f3n en: https:\/\/mailchimp.com\/ (The Rocket Science Group LLC d\/b\/a ). The Rocket Science Group LLC d\/b\/a trata los datos con la finalidad de realizar sus servicios de email marketing a RESTAURANTE SALVADOR, S.L..<\/p>\n<p>Google Adsense: En esta web estoy asociado con Google para mostrar anuncios de terceros a los usuarios que acceden a esta web. Al colaborar con google, se utilizan cookies para mostrarte anuncios relacionados con tus b\u00fasquedas recientes y mostrarte anuncios m\u00e1s relevantes.<\/p>\n<p>Se incluyen en este tipo de cookies servicios de terceros como: AdSense, AdWords y Google Analytics, as\u00ed como una serie de servicios de la marca DoubleClick. Al visitar esta p\u00e1gina, se env\u00edan cookies procedentes de esos servicios a tu navegador. Consulta m\u00e1s informaci\u00f3n sobre los tipos de cookies que utiliza Google, y descubre c\u00f3mo Google utiliza estas cookies.<\/p>\n<p>Puedes utilizar la configuraci\u00f3n de anuncios para administrar los anuncios de Google que se te muestran e indicar que no se muestren anuncios basados en tus intereses. Aunque decidas no recibir este tipo de anuncios, pueden seguir apareciendo en funci\u00f3n de factores como tu ubicaci\u00f3n general derivada de la direcci\u00f3n IP, el tipo de navegador y las b\u00fasquedas recientes y anteriores relacionadas con tu b\u00fasqueda actual.<\/p>\n<h2>Navegaci\u00f3n<\/h2>\n<p>Al navegar por https:\/\/casasalvadormadrid.com se pueden recoger datos no identificables, que pueden incluir, direcciones IP, ubicaci\u00f3n geogr\u00e1fica (aproximadamente), un registro de c\u00f3mo se utilizan los servicios y sitios, y otros datos que no pueden ser utilizados para identificar al usuario. Entre los datos no identificativos est\u00e1n tambi\u00e9n los relacionados a tus h\u00e1bitos de navegaci\u00f3n a trav\u00e9s de servicios de terceros. Esta web utiliza los siguientes servicios de an\u00e1lisis de terceros:<\/p>\n<p>&#8211; Google analytics<br \/>\n&#8211; Alexa<br \/>\n&#8211; Twitter analytics<br \/>\n&#8211; Semrush<br \/>\n&#8211; Pixel de Facebook<\/p>\n<p>Utilizo esta informaci\u00f3n para analizar tendencias, administrar el sitio, rastrear los movimientos de los usuarios alrededor del sitio y para recopilar informaci\u00f3n demogr\u00e1fica sobre mi base de usuarios en su conjunto.<\/p>\n<h2>Secreto y seguridad de los datos<\/h2>\n<p>https:\/\/casasalvadormadrid.com se compromete en el uso y tratamiento de los datos incluidos personales de los usuarios, respetando su confidencialidad y a utilizarlos de acuerdo con la finalidad del mismo, as\u00ed como a dar cumplimiento a su obligaci\u00f3n de guardarlos y adaptar todas las medidas para evitar la alteraci\u00f3n, p\u00e9rdida, tratamiento o acceso no autorizado, de conformidad con lo establecido en la normativa vigente de protecci\u00f3n de datos.<\/p>\n<p>https:\/\/casasalvadormadrid.com no puede garantizar la absoluta inexpugnabilidad de la red Internet y por tanto la violaci\u00f3n de los datos mediante accesos fraudulentos a ellos por parte de terceros.<\/p>\n<p>Con respecto a la confidencialidad del procesamiento, Casa Salvador (RESTAURANTE SALVADOR, S.L..) se asegurar\u00e1 de que cualquier persona que est\u00e9 autorizada por RESTAURANTE SALVADOR, S.L.. para procesar los datos del cliente (incluido su personal, colaboradores y prestadores), estar\u00e1 bajo la obligaci\u00f3n apropiada de confidencialidad (ya sea un deber contractual o legal).<\/p>\n<p>Cuando se presente alg\u00fan incidente de seguridad, al darse cuenta RESTAURANTE SALVADOR, S.L.., deber\u00e1 notificar al Cliente sin demoras indebidas y deber\u00e1 proporcionar informaci\u00f3n oportuna relacionada con el Incidente de Seguridad tal como se conozca o cuando el Cliente lo solicite razonablemente.<\/p>\n<h2>Exactitud y veracidad de los datos<\/h2>\n<p>Como usuario, eres el \u00fanico responsable de la veracidad y correcci\u00f3n de los datos que remitas a https:\/\/casasalvadormadrid.com exonerando a Casa Salvador (RESTAURANTE SALVADOR, S.L..), de cualquier responsabilidad al respecto.<\/p>\n<p>Los usuarios garantizan y responden, en cualquier caso, de la exactitud, vigencia y autenticidad de los datos personales facilitados, y se comprometen a mantenerlos debidamente actualizados. El usuario acepta proporcionar informaci\u00f3n completa y correcta en el formulario de contacto o suscripci\u00f3n.<\/p>\n<h2>Aceptaci\u00f3n y consentimiento<\/h2>\n<p>El usuario declara haber sido informado de las condiciones sobre protecci\u00f3n de datos de car\u00e1cter personal, aceptando y consintiendo el tratamiento de los mismos por parte de Casa Salvador (RESTAURANTE SALVADOR, S.L..) en la forma y para las finalidades indicadas en esta pol\u00edtica de privacidad.<\/p>\n<h2>Revocabilidad<\/h2>\n<p>El consentimiento prestado, tanto para el tratamiento como para la cesi\u00f3n de los datos de los interesados, es revocable en cualquier momento comunic\u00e1ndolo a Casa Salvador (RESTAURANTE SALVADOR, S.L..) en los t\u00e9rminos establecidos en esta Pol\u00edtica para el ejercicio de los derechos ARCO. Esta revocaci\u00f3n en ning\u00fan caso tendr\u00e1 car\u00e1cter retroactivo.<\/p>\n<h2>Cambios en la pol\u00edtica de privacidad<\/h2>\n<p>Casa Salvador (RESTAURANTE SALVADOR, S.L..) se reserva el derecho a modificar la presente pol\u00edtica para adaptarla a novedades legislativas o jurisprudenciales, as\u00ed como a pr\u00e1cticas de la industria. En dichos supuestos, Casa Salvador (RESTAURANTE SALVADOR, S.L.) anunciar\u00e1 en esta p\u00e1gina los cambios introducidos con razonable antelaci\u00f3n a su puesta en pr\u00e1ctica.<\/p>\n<h2>Correos comerciales<\/h2>\n<p>De acuerdo con la LSSICE, https:\/\/casasalvadormadrid.com no realiza pr\u00e1cticas de SPAM, por lo que no env\u00eda correos comerciales por v\u00eda electr\u00f3nica que no hayan sido previamente solicitados o autorizados por el usuario. En consecuencia, en cada uno de los formularios habidos en la web, el usuario tiene la posibilidad de dar su consentimiento expreso para recibir el bolet\u00edn, con independencia de la informaci\u00f3n comercial puntualmente solicitada.<\/p>\n<p>Conforme a lo dispuesto en la Ley 34\/2002 de Servicios de la Sociedad de la Informaci\u00f3n y de comercio electr\u00f3nico, https:\/\/casasalvadormadrid.com se compromete a no enviar comunicaciones de car\u00e1cter comercial sin identificarlas debidamente.[\/vc_column_text]<div class=\"ult-spacer spacer-69e163e48b8c0\" data-id=\"69e163e48b8c0\" data-height=\"80\" data-height-mobile=\"20\" data-height-tab=\"80\" data-height-tab-portrait=\"40\" data-height-mobile-landscape=\"20\" style=\"clear:both;display:block;\"><\/div>[\/vc_column][\/vc_row]<\/p>\n","protected":false},"excerpt":{"rendered":"<p>[vc_row row_type=&#8221;full_width&#8221; type=&#8221;container&#8221;][vc_column][vc_column_text] Pol\u00edtica de privacidad Tu privacidad es importante para nosotros. En esta declaraci\u00f3n de privacidad se explica qu\u00e9 datos personales se recopilan de los usuarios y c\u00f3mo se utilizan. Le animamos a leer detenidamente estos t\u00e9rminos antes de facilitar tus datos personales en esta web. Los mayores de trece a\u00f1os podr\u00e1n registrarse en [&hellip;]<\/p>\n","protected":false},"author":1,"featured_media":0,"parent":0,"menu_order":0,"comment_status":"closed","ping_status":"closed","template":"template-page-full.php","meta":{"footnotes":""},"class_list":["post-404","page","type-page","status-publish","hentry"],"aioseo_notices":[],"_links":{"self":[{"href":"https:\/\/casasalvadormadrid.com\/en\/wp-json\/wp\/v2\/pages\/404\/"}],"collection":[{"href":"https:\/\/casasalvadormadrid.com\/en\/wp-json\/wp\/v2\/pages\/"}],"about":[{"href":"https:\/\/casasalvadormadrid.com\/en\/wp-json\/wp\/v2\/types\/page\/"}],"author":[{"embeddable":true,"href":"https:\/\/casasalvadormadrid.com\/en\/wp-json\/wp\/v2\/users\/1\/"}],"replies":[{"embeddable":true,"href":"https:\/\/casasalvadormadrid.com\/en\/wp-json\/wp\/v2\/comments\/?post=404"}],"version-history":[{"count":2,"href":"https:\/\/casasalvadormadrid.com\/en\/wp-json\/wp\/v2\/pages\/404\/revisions\/"}],"predecessor-version":[{"id":406,"href":"https:\/\/casasalvadormadrid.com\/en\/wp-json\/wp\/v2\/pages\/404\/revisions\/406\/"}],"wp:attachment":[{"href":"https:\/\/casasalvadormadrid.com\/en\/wp-json\/wp\/v2\/media\/?parent=404"}],"curies":[{"name":"wp","href":"https:\/\/api.w.org\/{rel}","templated":true}]}}